{"id":604,"date":"2025-12-10T14:12:55","date_gmt":"2025-12-10T13:12:55","guid":{"rendered":"https:\/\/shop.was-essen-bei-krebs.de\/?post_type=product&#038;p=604"},"modified":"2025-12-11T17:35:53","modified_gmt":"2025-12-11T16:35:53","slug":"video-was-essen-bei-krebs-worauf-es-wirklich-ankommt","status":"publish","type":"product","link":"https:\/\/shop.was-essen-bei-krebs.de\/?product=video-was-essen-bei-krebs-worauf-es-wirklich-ankommt","title":{"rendered":"Video: Was essen bei Krebs? \u2013 Worauf es wirklich ankommt"},"content":{"rendered":"<h2 data-start=\"304\" data-end=\"424\"><strong data-start=\"304\" data-end=\"357\">\u25b6\ufe0f Video: Was essen bei Krebs? \u2013 Worauf es wirklich ankommt<br \/>\n<\/strong><\/h2>\n<p data-start=\"1167\" data-end=\"1184\"><strong data-start=\"1167\" data-end=\"1175\">\u23f1\ufe0f Video-L\u00e4nge:<\/strong> 1 Stunde 47 Minuten<\/p>\n<p data-start=\"435\" data-end=\"721\">Eine gute Ern\u00e4hrung kann die Lebensqualit\u00e4t und Prognose bei Krebs nachweislich verbessern. Doch viele Betroffene verlieren im Laufe der Erkrankung ungewollt an Gewicht oder haben Probleme mit dem Essen oder der Verdauung \u2013 ausgel\u00f6st durch die Erkrankung selbst oder durch die Therapie.<\/p>\n<p data-start=\"723\" data-end=\"869\">Gleichzeitig kursieren unz\u00e4hlige widerspr\u00fcchliche Informationen, die eher verunsichern als helfen. Viele typische Fragen tauchen immer wieder auf:<\/p>\n<p data-start=\"871\" data-end=\"1008\">\u2753 <em data-start=\"873\" data-end=\"902\">Darf ich noch Zucker essen?<\/em><br data-start=\"902\" data-end=\"905\" \/>\u2753 <em data-start=\"907\" data-end=\"955\">Gibt es Lebensmittel, die den Krebs bek\u00e4mpfen?<\/em><br data-start=\"955\" data-end=\"958\" \/>\u2753 <em data-start=\"960\" data-end=\"1008\">Sollte ich Nahrungserg\u00e4nzungsmittel einnehmen?<\/em><\/p>\n<p data-start=\"1010\" data-end=\"1310\">\u27a1\ufe0f <strong data-start=\"1013\" data-end=\"1064\">In diesem Video erh\u00e4ltst du klare Orientierung.<\/strong><br data-start=\"1064\" data-end=\"1067\" \/>Die Aufzeichnung unseres Webinars vermittelt dir verst\u00e4ndliche, fundierte Antworten auf h\u00e4ufige Fragen und gibt dir praxisnahe Empfehlungen, wie du dich w\u00e4hrend der Erkrankung st\u00e4rken kannst \u2013 ohne unn\u00f6tige Verbote oder widerspr\u00fcchliche Tipps.<\/p>\n<hr data-start=\"1312\" data-end=\"1315\" \/>\n<h2 data-start=\"1317\" data-end=\"1348\">\u2b50 Das erwartet dich im Video<\/h2>\n<p>\u2705 Die wichtigsten Ern\u00e4hrungsempfehlungen bei Krebs<br \/>\n\u2705 Warum sie sich von allgemeinen Tipps unterscheiden<br \/>\n\u2705 Warum ein stabiles Gewicht so wichtig ist<br \/>\n\u2705 Was bei Appetitlosigkeit, \u00dcbelkeit &amp; Co. hilft<br \/>\n\u2705 Wo du seri\u00f6se Informationen und Alltagstipps findest<\/p>\n<hr data-start=\"1760\" data-end=\"1763\" \/>\n<h2 data-start=\"1765\" data-end=\"1800\">\ud83e\udd1d F\u00fcr wen eignet sich das Video?<\/h2>\n<ul data-start=\"1801\" data-end=\"1898\">\n<li data-start=\"1801\" data-end=\"1839\">\n<p data-start=\"1803\" data-end=\"1839\">Menschen mit einer Krebserkrankung<br \/>\nAngeh\u00f6rige oder Freund:innen, die unterst\u00fctzen m\u00f6chten<\/p>\n<\/li>\n<\/ul>\n<p data-start=\"1900\" data-end=\"1953\"><em>Hinweis: f\u00fcr\u00a0<b>Fachkr\u00e4fte<\/b>, die mit Krebspatient:innen arbeiten, haben wir eigene <a href=\"https:\/\/www.was-essen-bei-krebs.de\/fortbildungen\/\" target=\"_blank\" rel=\"noopener\">Fortbildungsangebote<\/a>.<\/em><\/p>\n<hr data-start=\"1955\" data-end=\"1958\" \/>\n<h2 class=\"elementor-heading-title elementor-size-default elementor-inline-editing pen\" contenteditable=\"true\" data-elementor-setting-key=\"title\" data-pen-placeholder=\"Eingabe hier...\">\ud83d\udc69\u200d\ud83c\udfeb Das Team<\/h2>\n<h3 data-start=\"1994\" data-end=\"2026\"><strong data-start=\"1998\" data-end=\"2024\">Carina Eckhardt, M.Sc.<\/strong><\/h3>\n<p data-start=\"2027\" data-end=\"2243\">Ern\u00e4hrungswissenschaftlerin und Di\u00e4tassistentin mit langj\u00e4hriger Erfahrung in der Onkologie. Carina arbeitet t\u00e4glich mit Menschen, die an Krebs erkrankt sind, und wei\u00df, worauf es im Ern\u00e4hrungsalltag wirklich ankommt.<\/p>\n<h3 data-start=\"2245\" data-end=\"2271\"><strong data-start=\"2249\" data-end=\"2269\">Barbara Scheerer<\/strong><\/h3>\n<p data-start=\"2272\" data-end=\"2472\">Di\u00e4tassistentin mit Schwerpunkt Onkologie. Sie begleitet Betroffene und Angeh\u00f6rige bei ern\u00e4hrungsbezogenen Beschwerden und entwickelt Rezepte sowie alltagsnahe Empfehlungen f\u00fcr was-essen-bei-krebs.de.<\/p>\n<h3 data-start=\"2474\" data-end=\"2514\"><strong data-start=\"2478\" data-end=\"2512\">Anne Blumers &amp; Sandra Neubauer<\/strong><\/h3>\n<p data-start=\"2515\" data-end=\"2710\">Gr\u00fcnderinnen von <em data-start=\"2532\" data-end=\"2556\">was-essen-bei-krebs.de<\/em>. Sie entwickeln verst\u00e4ndliche, wissenschaftlich fundierte und alltagstaugliche Inhalte, damit Betroffene sich gut informiert und sicher begleitet f\u00fchlen.<\/p>\n","protected":false},"excerpt":{"rendered":"<p>Erfahre, wie dich Ern\u00e4hrung w\u00e4hrend der Krebstherapie unterst\u00fctzen kann \u2013 mit praktischen Tipps gegen Gewichtsverlust, Appetitlosigkeit &amp; Co.<\/p>\n","protected":false},"featured_media":715,"template":"","meta":[],"product_brand":[],"product_cat":[19],"product_tag":[20],"class_list":{"0":"post-604","1":"product","2":"type-product","3":"status-publish","4":"has-post-thumbnail","6":"product_cat-webinar","7":"product_tag-webinar","9":"first","10":"instock","11":"virtual","12":"sold-individually","13":"purchasable","14":"product-type-simple"},"_links":{"self":[{"href":"https:\/\/shop.was-essen-bei-krebs.de\/index.php?rest_route=\/wp\/v2\/product\/604","targetHints":{"allow":["GET"]}}],"collection":[{"href":"https:\/\/shop.was-essen-bei-krebs.de\/index.php?rest_route=\/wp\/v2\/product"}],"about":[{"href":"https:\/\/shop.was-essen-bei-krebs.de\/index.php?rest_route=\/wp\/v2\/types\/product"}],"wp:featuredmedia":[{"embeddable":true,"href":"https:\/\/shop.was-essen-bei-krebs.de\/index.php?rest_route=\/wp\/v2\/media\/715"}],"wp:attachment":[{"href":"https:\/\/shop.was-essen-bei-krebs.de\/index.php?rest_route=%2Fwp%2Fv2%2Fmedia&parent=604"}],"wp:term":[{"taxonomy":"product_brand","embeddable":true,"href":"https:\/\/shop.was-essen-bei-krebs.de\/index.php?rest_route=%2Fwp%2Fv2%2Fproduct_brand&post=604"},{"taxonomy":"product_cat","embeddable":true,"href":"https:\/\/shop.was-essen-bei-krebs.de\/index.php?rest_route=%2Fwp%2Fv2%2Fproduct_cat&post=604"},{"taxonomy":"product_tag","embeddable":true,"href":"https:\/\/shop.was-essen-bei-krebs.de\/index.php?rest_route=%2Fwp%2Fv2%2Fproduct_tag&post=604"}],"curies":[{"name":"wp","href":"https:\/\/api.w.org\/{rel}","templated":true}]}}