{"id":980,"date":"2026-03-09T18:11:19","date_gmt":"2026-03-09T17:11:19","guid":{"rendered":"https:\/\/shop.was-essen-bei-krebs.de\/?page_id=980"},"modified":"2026-03-25T08:51:17","modified_gmt":"2026-03-25T07:51:17","slug":"online-veranstaltungen","status":"publish","type":"page","link":"https:\/\/shop.was-essen-bei-krebs.de\/?page_id=980","title":{"rendered":"Online-Veranstaltungen"},"content":{"rendered":"\t\t<div data-elementor-type=\"wp-page\" data-elementor-id=\"980\" class=\"elementor elementor-980\" data-elementor-post-type=\"page\">\n\t\t\t\t<div class=\"elementor-element elementor-element-7310f41 e-flex e-con-boxed e-con e-parent\" data-id=\"7310f41\" data-element_type=\"container\" data-e-type=\"container\">\n\t\t\t\t\t<div class=\"e-con-inner\">\n\t\t\t\t<div class=\"elementor-element elementor-element-340dc99 elementor-widget elementor-widget-spacer\" data-id=\"340dc99\" data-element_type=\"widget\" data-e-type=\"widget\" data-widget_type=\"spacer.default\">\n\t\t\t\t<div class=\"elementor-widget-container\">\n\t\t\t\t\t\t\t<div class=\"elementor-spacer\">\n\t\t\t<div class=\"elementor-spacer-inner\"><\/div>\n\t\t<\/div>\n\t\t\t\t\t\t<\/div>\n\t\t\t\t<\/div>\n\t\t\t\t\t<\/div>\n\t\t\t\t<\/div>\n\t\t<div class=\"elementor-element elementor-element-bd66ecf e-con-full e-flex e-con e-parent\" data-id=\"bd66ecf\" data-element_type=\"container\" data-e-type=\"container\">\n\t\t<div class=\"elementor-element elementor-element-dac3a99 e-con-full e-flex e-con e-child\" data-id=\"dac3a99\" data-element_type=\"container\" data-e-type=\"container\">\n\t\t\t\t<div class=\"elementor-element elementor-element-d0fb8db elementor-widget__width-initial elementor-widget elementor-widget-heading\" data-id=\"d0fb8db\" data-element_type=\"widget\" data-e-type=\"widget\" data-widget_type=\"heading.default\">\n\t\t\t\t<div class=\"elementor-widget-container\">\n\t\t\t\t\t<h2 class=\"elementor-heading-title elementor-size-default\">Online-Veranstaltungen<\/h2>\t\t\t\t<\/div>\n\t\t\t\t<\/div>\n\t\t\t\t<div class=\"elementor-element elementor-element-bfb61b7 elementor-widget elementor-widget-text-editor\" data-id=\"bfb61b7\" data-element_type=\"widget\" data-e-type=\"widget\" data-widget_type=\"text-editor.default\">\n\t\t\t\t<div class=\"elementor-widget-container\">\n\t\t\t\t\t\t\t\t\t<p><strong data-start=\"141\" data-end=\"245\">In unseren Online-Veranstaltungen greifen wir Fragen auf, die viele Menschen mit Krebs besch\u00e4ftigen.<\/strong><br data-start=\"245\" data-end=\"248\" \/>Wir erkl\u00e4ren verst\u00e4ndlich, was die Wissenschaft zu Ern\u00e4hrung bei Krebs wei\u00df, r\u00e4umen mit verbreiteten Mythen auf und geben praktische Tipps f\u00fcr den Alltag. Neben kurzen Impulsen bleibt immer auch Zeit f\u00fcr Fragen.<\/p>\t\t\t\t\t\t\t\t<\/div>\n\t\t\t\t<\/div>\n\t\t\t\t<div class=\"elementor-element elementor-element-837750d elementor-widget elementor-widget-spacer\" data-id=\"837750d\" data-element_type=\"widget\" data-e-type=\"widget\" data-widget_type=\"spacer.default\">\n\t\t\t\t<div class=\"elementor-widget-container\">\n\t\t\t\t\t\t\t<div class=\"elementor-spacer\">\n\t\t\t<div class=\"elementor-spacer-inner\"><\/div>\n\t\t<\/div>\n\t\t\t\t\t\t<\/div>\n\t\t\t\t<\/div>\n\t\t\t\t<\/div>\n\t\t\t\t<\/div>\n\t\t<div class=\"elementor-element elementor-element-6df0ac1 e-grid e-con-full e-con e-parent\" data-id=\"6df0ac1\" data-element_type=\"container\" data-e-type=\"container\">\n\t\t<div class=\"elementor-element elementor-element-b229ded elementor-hidden-desktop elementor-hidden-tablet elementor-hidden-mobile e-flex e-con-boxed e-con e-child\" data-id=\"b229ded\" data-element_type=\"container\" data-e-type=\"container\">\n\t\t\t\t\t<div class=\"e-con-inner\">\n\t\t\t\t<div class=\"elementor-element elementor-element-da039ce elementor-widget elementor-widget-image\" data-id=\"da039ce\" data-element_type=\"widget\" data-e-type=\"widget\" data-widget_type=\"image.default\">\n\t\t\t\t<div class=\"elementor-widget-container\">\n\t\t\t\t\t\t\t\t\t\t\t\t\t\t\t\t<a href=\"https:\/\/shop.was-essen-bei-krebs.de\/?product=online-veranstaltung-24-03-2026-gewicht-stabilisieren-und-kraft-gewinnen-praktische-tipps-gegen-gewichtsverlust\">\n\t\t\t\t\t\t\t<img fetchpriority=\"high\" decoding=\"async\" width=\"800\" height=\"534\" src=\"https:\/\/shop.was-essen-bei-krebs.de\/wp-content\/uploads\/2026\/02\/gewichtsverlust-1.png\" class=\"attachment-large size-large wp-image-967\" alt=\"\" srcset=\"https:\/\/shop.was-essen-bei-krebs.de\/wp-content\/uploads\/2026\/02\/gewichtsverlust-1.png 1000w, https:\/\/shop.was-essen-bei-krebs.de\/wp-content\/uploads\/2026\/02\/gewichtsverlust-1-300x200.png 300w, https:\/\/shop.was-essen-bei-krebs.de\/wp-content\/uploads\/2026\/02\/gewichtsverlust-1-768x512.png 768w, https:\/\/shop.was-essen-bei-krebs.de\/wp-content\/uploads\/2026\/02\/gewichtsverlust-1-600x400.png 600w\" sizes=\"(max-width: 800px) 100vw, 800px\" \/>\t\t\t\t\t\t\t\t<\/a>\n\t\t\t\t\t\t\t\t\t\t\t\t\t\t\t<\/div>\n\t\t\t\t<\/div>\n\t\t\t\t<div class=\"elementor-element elementor-element-32d34bd elementor-widget elementor-widget-heading\" data-id=\"32d34bd\" data-element_type=\"widget\" data-e-type=\"widget\" data-widget_type=\"heading.default\">\n\t\t\t\t<div class=\"elementor-widget-container\">\n\t\t\t\t\t<h2 class=\"elementor-heading-title elementor-size-default\">24.03.2026: Gewicht stabilisieren und Kraft gewinnen: Praktische Tipps gegen Gewichtsverlust<\/h2>\t\t\t\t<\/div>\n\t\t\t\t<\/div>\n\t\t\t\t<div class=\"elementor-element elementor-element-74e71ab elementor-widget elementor-widget-text-editor\" data-id=\"74e71ab\" data-element_type=\"widget\" data-e-type=\"widget\" data-widget_type=\"text-editor.default\">\n\t\t\t\t<div class=\"elementor-widget-container\">\n\t\t\t\t\t\t\t\t\t<p>Erfahre, wie du mehr Energie \u00fcber deine Ern\u00e4hrung erh\u00e4ltst \u2013 mit praktischen Strategien f\u00fcr den Alltag.<\/p>\t\t\t\t\t\t\t\t<\/div>\n\t\t\t\t<\/div>\n\t\t\t\t<div class=\"elementor-element elementor-element-3d0fcbf elementor-widget elementor-widget-text-editor\" data-id=\"3d0fcbf\" data-element_type=\"widget\" data-e-type=\"widget\" data-widget_type=\"text-editor.default\">\n\t\t\t\t<div class=\"elementor-widget-container\">\n\t\t\t\t\t\t\t\t\t<p style=\"text-align: right;\">20,00 \u20ac<\/p>\t\t\t\t\t\t\t\t<\/div>\n\t\t\t\t<\/div>\n\t\t\t\t<div class=\"elementor-element elementor-element-387b942 elementor-align-right elementor-widget elementor-widget-button\" data-id=\"387b942\" data-element_type=\"widget\" data-e-type=\"widget\" data-widget_type=\"button.default\">\n\t\t\t\t<div class=\"elementor-widget-container\">\n\t\t\t\t\t\t\t\t\t<div class=\"elementor-button-wrapper\">\n\t\t\t\t\t<a class=\"elementor-button elementor-button-link elementor-size-sm\" href=\"https:\/\/shop.was-essen-bei-krebs.de\/?product=online-veranstaltung-24-03-2026-gewicht-stabilisieren-und-kraft-gewinnen-praktische-tipps-gegen-gewichtsverlust\">\n\t\t\t\t\t\t<span class=\"elementor-button-content-wrapper\">\n\t\t\t\t\t\t\t\t\t<span class=\"elementor-button-text\">Mehr erfahren<\/span>\n\t\t\t\t\t<\/span>\n\t\t\t\t\t<\/a>\n\t\t\t\t<\/div>\n\t\t\t\t\t\t\t\t<\/div>\n\t\t\t\t<\/div>\n\t\t\t\t\t<\/div>\n\t\t\t\t<\/div>\n\t\t<div class=\"elementor-element elementor-element-efd7f3f e-flex e-con-boxed e-con e-child\" data-id=\"efd7f3f\" data-element_type=\"container\" data-e-type=\"container\">\n\t\t\t\t\t<div class=\"e-con-inner\">\n\t\t\t\t<div class=\"elementor-element elementor-element-725bc58 elementor-widget elementor-widget-image\" data-id=\"725bc58\" data-element_type=\"widget\" data-e-type=\"widget\" data-widget_type=\"image.default\">\n\t\t\t\t<div class=\"elementor-widget-container\">\n\t\t\t\t\t\t\t\t\t\t\t\t\t\t\t\t<a href=\"https:\/\/shop.was-essen-bei-krebs.de\/?product=online-veranstaltung-28-04-2026-zucker-bei-krebs-energiequelle-oder-gefahr\">\n\t\t\t\t\t\t\t<img decoding=\"async\" width=\"800\" height=\"534\" src=\"https:\/\/shop.was-essen-bei-krebs.de\/wp-content\/uploads\/2026\/03\/zucker.png\" class=\"attachment-large size-large wp-image-969\" alt=\"\" srcset=\"https:\/\/shop.was-essen-bei-krebs.de\/wp-content\/uploads\/2026\/03\/zucker.png 1000w, https:\/\/shop.was-essen-bei-krebs.de\/wp-content\/uploads\/2026\/03\/zucker-300x200.png 300w, https:\/\/shop.was-essen-bei-krebs.de\/wp-content\/uploads\/2026\/03\/zucker-768x512.png 768w, https:\/\/shop.was-essen-bei-krebs.de\/wp-content\/uploads\/2026\/03\/zucker-600x400.png 600w\" sizes=\"(max-width: 800px) 100vw, 800px\" \/>\t\t\t\t\t\t\t\t<\/a>\n\t\t\t\t\t\t\t\t\t\t\t\t\t\t\t<\/div>\n\t\t\t\t<\/div>\n\t\t\t\t<div class=\"elementor-element elementor-element-8092623 elementor-widget elementor-widget-heading\" data-id=\"8092623\" data-element_type=\"widget\" data-e-type=\"widget\" data-widget_type=\"heading.default\">\n\t\t\t\t<div class=\"elementor-widget-container\">\n\t\t\t\t\t<h2 class=\"elementor-heading-title elementor-size-default\">28.04.2026: Zucker bei Krebs: Energiequelle oder Gefahr?<\/h2>\t\t\t\t<\/div>\n\t\t\t\t<\/div>\n\t\t\t\t<div class=\"elementor-element elementor-element-1ddf73d elementor-widget elementor-widget-text-editor\" data-id=\"1ddf73d\" data-element_type=\"widget\" data-e-type=\"widget\" data-widget_type=\"text-editor.default\">\n\t\t\t\t<div class=\"elementor-widget-container\">\n\t\t\t\t\t\t\t\t\t<p>Zucker und Krebs \u2013 ein Thema, das viele verunsichert. In unserer Online-Veranstaltung geben wir dir Klarheit und fundierte Antworten.<\/p>\t\t\t\t\t\t\t\t<\/div>\n\t\t\t\t<\/div>\n\t\t\t\t<div class=\"elementor-element elementor-element-4bb31e5 elementor-widget elementor-widget-text-editor\" data-id=\"4bb31e5\" data-element_type=\"widget\" data-e-type=\"widget\" data-widget_type=\"text-editor.default\">\n\t\t\t\t<div class=\"elementor-widget-container\">\n\t\t\t\t\t\t\t\t\t<p style=\"text-align: right;\">20,00 \u20ac<\/p>\t\t\t\t\t\t\t\t<\/div>\n\t\t\t\t<\/div>\n\t\t\t\t<div class=\"elementor-element elementor-element-9fe50a1 elementor-align-right elementor-widget elementor-widget-button\" data-id=\"9fe50a1\" data-element_type=\"widget\" data-e-type=\"widget\" data-widget_type=\"button.default\">\n\t\t\t\t<div class=\"elementor-widget-container\">\n\t\t\t\t\t\t\t\t\t<div class=\"elementor-button-wrapper\">\n\t\t\t\t\t<a class=\"elementor-button elementor-button-link elementor-size-sm\" href=\"https:\/\/shop.was-essen-bei-krebs.de\/?product=online-veranstaltung-28-04-2026-zucker-bei-krebs-energiequelle-oder-gefahr\">\n\t\t\t\t\t\t<span class=\"elementor-button-content-wrapper\">\n\t\t\t\t\t\t\t\t\t<span class=\"elementor-button-text\">Mehr erfahren<\/span>\n\t\t\t\t\t<\/span>\n\t\t\t\t\t<\/a>\n\t\t\t\t<\/div>\n\t\t\t\t\t\t\t\t<\/div>\n\t\t\t\t<\/div>\n\t\t\t\t\t<\/div>\n\t\t\t\t<\/div>\n\t\t\t\t<\/div>\n\t\t<div class=\"elementor-element elementor-element-71af202 e-flex e-con-boxed e-con e-parent\" data-id=\"71af202\" data-element_type=\"container\" data-e-type=\"container\">\n\t\t\t\t\t<div class=\"e-con-inner\">\n\t\t\t\t<div class=\"elementor-element elementor-element-3729a38 elementor-widget elementor-widget-spacer\" data-id=\"3729a38\" data-element_type=\"widget\" data-e-type=\"widget\" data-widget_type=\"spacer.default\">\n\t\t\t\t<div class=\"elementor-widget-container\">\n\t\t\t\t\t\t\t<div class=\"elementor-spacer\">\n\t\t\t<div class=\"elementor-spacer-inner\"><\/div>\n\t\t<\/div>\n\t\t\t\t\t\t<\/div>\n\t\t\t\t<\/div>\n\t\t\t\t\t<\/div>\n\t\t\t\t<\/div>\n\t\t\t\t<\/div>\n\t\t","protected":false},"excerpt":{"rendered":"<p>Online-Veranstaltungen In unseren Online-Veranstaltungen greifen wir Fragen auf, die viele Menschen mit Krebs besch\u00e4ftigen.Wir erkl\u00e4ren verst\u00e4ndlich, was die Wissenschaft zu Ern\u00e4hrung bei Krebs wei\u00df, r\u00e4umen mit verbreiteten Mythen auf und geben praktische Tipps f\u00fcr den Alltag. Neben kurzen Impulsen bleibt immer auch Zeit f\u00fcr Fragen. 24.03.2026: Gewicht stabilisieren und Kraft gewinnen: Praktische Tipps gegen Gewichtsverlust [&hellip;]<\/p>\n","protected":false},"author":1,"featured_media":0,"parent":0,"menu_order":0,"comment_status":"closed","ping_status":"closed","template":"","meta":{"footnotes":""},"class_list":["post-980","page","type-page","status-publish","hentry"],"_links":{"self":[{"href":"https:\/\/shop.was-essen-bei-krebs.de\/index.php?rest_route=\/wp\/v2\/pages\/980","targetHints":{"allow":["GET"]}}],"collection":[{"href":"https:\/\/shop.was-essen-bei-krebs.de\/index.php?rest_route=\/wp\/v2\/pages"}],"about":[{"href":"https:\/\/shop.was-essen-bei-krebs.de\/index.php?rest_route=\/wp\/v2\/types\/page"}],"author":[{"embeddable":true,"href":"https:\/\/shop.was-essen-bei-krebs.de\/index.php?rest_route=\/wp\/v2\/users\/1"}],"replies":[{"embeddable":true,"href":"https:\/\/shop.was-essen-bei-krebs.de\/index.php?rest_route=%2Fwp%2Fv2%2Fcomments&post=980"}],"version-history":[{"count":25,"href":"https:\/\/shop.was-essen-bei-krebs.de\/index.php?rest_route=\/wp\/v2\/pages\/980\/revisions"}],"predecessor-version":[{"id":1038,"href":"https:\/\/shop.was-essen-bei-krebs.de\/index.php?rest_route=\/wp\/v2\/pages\/980\/revisions\/1038"}],"wp:attachment":[{"href":"https:\/\/shop.was-essen-bei-krebs.de\/index.php?rest_route=%2Fwp%2Fv2%2Fmedia&parent=980"}],"curies":[{"name":"wp","href":"https:\/\/api.w.org\/{rel}","templated":true}]}}