{"id":1237,"date":"2026-04-27T11:01:28","date_gmt":"2026-04-27T09:01:28","guid":{"rendered":"https:\/\/shop.was-essen-bei-krebs.de\/?page_id=1237"},"modified":"2026-04-27T11:10:43","modified_gmt":"2026-04-27T09:10:43","slug":"fortbildungen","status":"publish","type":"page","link":"https:\/\/shop.was-essen-bei-krebs.de\/?page_id=1237","title":{"rendered":"Fortbildungen"},"content":{"rendered":"\t\t<div data-elementor-type=\"wp-page\" data-elementor-id=\"1237\" class=\"elementor elementor-1237\" data-elementor-post-type=\"page\">\n\t\t\t\t<div class=\"elementor-element elementor-element-74c6e69a e-flex e-con-boxed e-con e-parent\" data-id=\"74c6e69a\" data-element_type=\"container\" data-e-type=\"container\">\n\t\t\t\t\t<div class=\"e-con-inner\">\n\t\t\t\t<div class=\"elementor-element elementor-element-34a73686 elementor-widget elementor-widget-spacer\" data-id=\"34a73686\" data-element_type=\"widget\" data-e-type=\"widget\" data-widget_type=\"spacer.default\">\n\t\t\t\t<div class=\"elementor-widget-container\">\n\t\t\t\t\t\t\t<div class=\"elementor-spacer\">\n\t\t\t<div class=\"elementor-spacer-inner\"><\/div>\n\t\t<\/div>\n\t\t\t\t\t\t<\/div>\n\t\t\t\t<\/div>\n\t\t\t\t\t<\/div>\n\t\t\t\t<\/div>\n\t\t<div class=\"elementor-element elementor-element-cb74b15 e-con-full e-flex e-con e-parent\" data-id=\"cb74b15\" data-element_type=\"container\" data-e-type=\"container\">\n\t\t<div class=\"elementor-element elementor-element-38735e17 e-con-full e-flex e-con e-child\" data-id=\"38735e17\" data-element_type=\"container\" data-e-type=\"container\">\n\t\t\t\t<div class=\"elementor-element elementor-element-bcefac0 elementor-widget__width-initial elementor-widget elementor-widget-heading\" data-id=\"bcefac0\" data-element_type=\"widget\" data-e-type=\"widget\" data-widget_type=\"heading.default\">\n\t\t\t\t<div class=\"elementor-widget-container\">\n\t\t\t\t\t<h2 class=\"elementor-heading-title elementor-size-default\">Fortbildungen<\/h2>\t\t\t\t<\/div>\n\t\t\t\t<\/div>\n\t\t\t\t<div class=\"elementor-element elementor-element-2c13e9f6 elementor-widget elementor-widget-text-editor\" data-id=\"2c13e9f6\" data-element_type=\"widget\" data-e-type=\"widget\" data-widget_type=\"text-editor.default\">\n\t\t\t\t<div class=\"elementor-widget-container\">\n\t\t\t\t\t\t\t\t\t<p><strong data-start=\"141\" data-end=\"245\">Hier findest du Video-Aufzeichnungen unserer Fortbildungen.<\/strong><br data-start=\"245\" data-end=\"248\" \/>Sie richten sich an alle, die beruflich mit Krebsbetroffenen in Kontakt sind: Ern\u00e4hrungsfachkr\u00e4fte, Pflegekr\u00e4fte, \u00c4rzt:innen, Sport- und Bewegungsfachkr\u00e4fte, Psychoonkolog:innen, Apotheker:innen, Mitarbeitende in Beratungsstellen und andere medizinische Berufsgruppen.<\/p>\t\t\t\t\t\t\t\t<\/div>\n\t\t\t\t<\/div>\n\t\t\t\t<div class=\"elementor-element elementor-element-150502ba elementor-widget elementor-widget-spacer\" data-id=\"150502ba\" data-element_type=\"widget\" data-e-type=\"widget\" data-widget_type=\"spacer.default\">\n\t\t\t\t<div class=\"elementor-widget-container\">\n\t\t\t\t\t\t\t<div class=\"elementor-spacer\">\n\t\t\t<div class=\"elementor-spacer-inner\"><\/div>\n\t\t<\/div>\n\t\t\t\t\t\t<\/div>\n\t\t\t\t<\/div>\n\t\t\t\t<\/div>\n\t\t\t\t<\/div>\n\t\t<div class=\"elementor-element elementor-element-40103619 e-grid e-con-full e-con e-parent\" data-id=\"40103619\" data-element_type=\"container\" data-e-type=\"container\">\n\t\t<div class=\"elementor-element elementor-element-7f047c75 e-flex e-con-boxed e-con e-child\" data-id=\"7f047c75\" data-element_type=\"container\" data-e-type=\"container\">\n\t\t\t\t\t<div class=\"e-con-inner\">\n\t\t\t\t<div class=\"elementor-element elementor-element-5dab222b elementor-widget elementor-widget-image\" data-id=\"5dab222b\" data-element_type=\"widget\" data-e-type=\"widget\" data-widget_type=\"image.default\">\n\t\t\t\t<div class=\"elementor-widget-container\">\n\t\t\t\t\t\t\t\t\t\t\t\t\t\t\t\t<a href=\"https:\/\/shop.was-essen-bei-krebs.de\/?product=online-veranstaltung-28-04-2026-zucker-bei-krebs-energiequelle-oder-gefahr\">\n\t\t\t\t\t\t\t<img fetchpriority=\"high\" decoding=\"async\" width=\"800\" height=\"448\" src=\"https:\/\/shop.was-essen-bei-krebs.de\/wp-content\/uploads\/2026\/03\/Screenshot-from-2026-03-25-14-01-33-1024x574.png\" class=\"attachment-large size-large wp-image-1045\" alt=\"\" srcset=\"https:\/\/shop.was-essen-bei-krebs.de\/wp-content\/uploads\/2026\/03\/Screenshot-from-2026-03-25-14-01-33-1024x574.png 1024w, https:\/\/shop.was-essen-bei-krebs.de\/wp-content\/uploads\/2026\/03\/Screenshot-from-2026-03-25-14-01-33-300x168.png 300w, https:\/\/shop.was-essen-bei-krebs.de\/wp-content\/uploads\/2026\/03\/Screenshot-from-2026-03-25-14-01-33-768x431.png 768w, https:\/\/shop.was-essen-bei-krebs.de\/wp-content\/uploads\/2026\/03\/Screenshot-from-2026-03-25-14-01-33-1536x861.png 1536w, https:\/\/shop.was-essen-bei-krebs.de\/wp-content\/uploads\/2026\/03\/Screenshot-from-2026-03-25-14-01-33-600x336.png 600w, https:\/\/shop.was-essen-bei-krebs.de\/wp-content\/uploads\/2026\/03\/Screenshot-from-2026-03-25-14-01-33.png 1621w\" sizes=\"(max-width: 800px) 100vw, 800px\" \/>\t\t\t\t\t\t\t\t<\/a>\n\t\t\t\t\t\t\t\t\t\t\t\t\t\t\t<\/div>\n\t\t\t\t<\/div>\n\t\t\t\t<div class=\"elementor-element elementor-element-5f57880a elementor-widget elementor-widget-heading\" data-id=\"5f57880a\" data-element_type=\"widget\" data-e-type=\"widget\" data-widget_type=\"heading.default\">\n\t\t\t\t<div class=\"elementor-widget-container\">\n\t\t\t\t\t<h2 class=\"elementor-heading-title elementor-size-default\">Ern\u00e4hrung in der Palliativmedizin<\/h2>\t\t\t\t<\/div>\n\t\t\t\t<\/div>\n\t\t\t\t<div class=\"elementor-element elementor-element-69df2627 elementor-widget elementor-widget-text-editor\" data-id=\"69df2627\" data-element_type=\"widget\" data-e-type=\"widget\" data-widget_type=\"text-editor.default\">\n\t\t\t\t<div class=\"elementor-widget-container\">\n\t\t\t\t\t\t\t\t\t<p>In dieser Fortbildung erf\u00e4hrst du, wie du palliativ erkrankte Menschen rund um das Thema Essen und Trinken bis hin zur Mundsorge unterst\u00fctzen kannst.<\/p>\t\t\t\t\t\t\t\t<\/div>\n\t\t\t\t<\/div>\n\t\t\t\t<div class=\"elementor-element elementor-element-585b7765 elementor-widget elementor-widget-text-editor\" data-id=\"585b7765\" data-element_type=\"widget\" data-e-type=\"widget\" data-widget_type=\"text-editor.default\">\n\t\t\t\t<div class=\"elementor-widget-container\">\n\t\t\t\t\t\t\t\t\t<p style=\"text-align: right;\">95,00 \u20ac<\/p>\t\t\t\t\t\t\t\t<\/div>\n\t\t\t\t<\/div>\n\t\t\t\t<div class=\"elementor-element elementor-element-43d9d2ac elementor-align-right elementor-widget elementor-widget-button\" data-id=\"43d9d2ac\" data-element_type=\"widget\" data-e-type=\"widget\" data-widget_type=\"button.default\">\n\t\t\t\t<div class=\"elementor-widget-container\">\n\t\t\t\t\t\t\t\t\t<div class=\"elementor-button-wrapper\">\n\t\t\t\t\t<a class=\"elementor-button elementor-button-link elementor-size-sm\" href=\"https:\/\/shop.was-essen-bei-krebs.de\/?product=video-fortbildung-ernaehrungstherapie-in-der-palliativmedizin\">\n\t\t\t\t\t\t<span class=\"elementor-button-content-wrapper\">\n\t\t\t\t\t\t\t\t\t<span class=\"elementor-button-text\">Mehr erfahren<\/span>\n\t\t\t\t\t<\/span>\n\t\t\t\t\t<\/a>\n\t\t\t\t<\/div>\n\t\t\t\t\t\t\t\t<\/div>\n\t\t\t\t<\/div>\n\t\t\t\t\t<\/div>\n\t\t\t\t<\/div>\n\t\t\t\t<\/div>\n\t\t<div class=\"elementor-element elementor-element-23607adf e-flex e-con-boxed e-con e-parent\" data-id=\"23607adf\" data-element_type=\"container\" data-e-type=\"container\">\n\t\t\t\t\t<div class=\"e-con-inner\">\n\t\t\t\t<div class=\"elementor-element elementor-element-62b9a2f3 elementor-widget elementor-widget-spacer\" data-id=\"62b9a2f3\" data-element_type=\"widget\" data-e-type=\"widget\" data-widget_type=\"spacer.default\">\n\t\t\t\t<div class=\"elementor-widget-container\">\n\t\t\t\t\t\t\t<div class=\"elementor-spacer\">\n\t\t\t<div class=\"elementor-spacer-inner\"><\/div>\n\t\t<\/div>\n\t\t\t\t\t\t<\/div>\n\t\t\t\t<\/div>\n\t\t\t\t\t<\/div>\n\t\t\t\t<\/div>\n\t\t\t\t<\/div>\n\t\t","protected":false},"excerpt":{"rendered":"<p>Fortbildungen Hier findest du Video-Aufzeichnungen unserer Fortbildungen.Sie richten sich an alle, die beruflich mit Krebsbetroffenen in Kontakt sind: Ern\u00e4hrungsfachkr\u00e4fte, Pflegekr\u00e4fte, \u00c4rzt:innen, Sport- und Bewegungsfachkr\u00e4fte, Psychoonkolog:innen, Apotheker:innen, Mitarbeitende in Beratungsstellen und andere medizinische Berufsgruppen. Ern\u00e4hrung in der Palliativmedizin In dieser Fortbildung erf\u00e4hrst du, wie du palliativ erkrankte Menschen rund um das Thema Essen und Trinken bis [&hellip;]<\/p>\n","protected":false},"author":1,"featured_media":0,"parent":0,"menu_order":0,"comment_status":"closed","ping_status":"closed","template":"","meta":{"footnotes":""},"class_list":["post-1237","page","type-page","status-publish","hentry"],"_links":{"self":[{"href":"https:\/\/shop.was-essen-bei-krebs.de\/index.php?rest_route=\/wp\/v2\/pages\/1237","targetHints":{"allow":["GET"]}}],"collection":[{"href":"https:\/\/shop.was-essen-bei-krebs.de\/index.php?rest_route=\/wp\/v2\/pages"}],"about":[{"href":"https:\/\/shop.was-essen-bei-krebs.de\/index.php?rest_route=\/wp\/v2\/types\/page"}],"author":[{"embeddable":true,"href":"https:\/\/shop.was-essen-bei-krebs.de\/index.php?rest_route=\/wp\/v2\/users\/1"}],"replies":[{"embeddable":true,"href":"https:\/\/shop.was-essen-bei-krebs.de\/index.php?rest_route=%2Fwp%2Fv2%2Fcomments&post=1237"}],"version-history":[{"count":7,"href":"https:\/\/shop.was-essen-bei-krebs.de\/index.php?rest_route=\/wp\/v2\/pages\/1237\/revisions"}],"predecessor-version":[{"id":1246,"href":"https:\/\/shop.was-essen-bei-krebs.de\/index.php?rest_route=\/wp\/v2\/pages\/1237\/revisions\/1246"}],"wp:attachment":[{"href":"https:\/\/shop.was-essen-bei-krebs.de\/index.php?rest_route=%2Fwp%2Fv2%2Fmedia&parent=1237"}],"curies":[{"name":"wp","href":"https:\/\/api.w.org\/{rel}","templated":true}]}}