{"id":1228,"date":"2026-04-27T10:54:28","date_gmt":"2026-04-27T08:54:28","guid":{"rendered":"https:\/\/shop.was-essen-bei-krebs.de\/?page_id=1228"},"modified":"2026-04-27T10:59:52","modified_gmt":"2026-04-27T08:59:52","slug":"videos","status":"publish","type":"page","link":"https:\/\/shop.was-essen-bei-krebs.de\/?page_id=1228","title":{"rendered":"Videos"},"content":{"rendered":"\t\t<div data-elementor-type=\"wp-page\" data-elementor-id=\"1228\" class=\"elementor elementor-1228\" data-elementor-post-type=\"page\">\n\t\t\t\t<div class=\"elementor-element elementor-element-6d85e3f4 e-flex e-con-boxed e-con e-parent\" data-id=\"6d85e3f4\" data-element_type=\"container\" data-e-type=\"container\">\n\t\t\t\t\t<div class=\"e-con-inner\">\n\t\t\t\t<div class=\"elementor-element elementor-element-111a4dcb elementor-widget elementor-widget-spacer\" data-id=\"111a4dcb\" data-element_type=\"widget\" data-e-type=\"widget\" data-widget_type=\"spacer.default\">\n\t\t\t\t<div class=\"elementor-widget-container\">\n\t\t\t\t\t\t\t<div class=\"elementor-spacer\">\n\t\t\t<div class=\"elementor-spacer-inner\"><\/div>\n\t\t<\/div>\n\t\t\t\t\t\t<\/div>\n\t\t\t\t<\/div>\n\t\t\t\t\t<\/div>\n\t\t\t\t<\/div>\n\t\t<div class=\"elementor-element elementor-element-2f2474c4 e-con-full e-flex e-con e-parent\" data-id=\"2f2474c4\" data-element_type=\"container\" data-e-type=\"container\">\n\t\t<div class=\"elementor-element elementor-element-54ffff06 e-con-full e-flex e-con e-child\" data-id=\"54ffff06\" data-element_type=\"container\" data-e-type=\"container\">\n\t\t\t\t<div class=\"elementor-element elementor-element-71999e21 elementor-widget__width-initial elementor-widget elementor-widget-heading\" data-id=\"71999e21\" data-element_type=\"widget\" data-e-type=\"widget\" data-widget_type=\"heading.default\">\n\t\t\t\t<div class=\"elementor-widget-container\">\n\t\t\t\t\t<h2 class=\"elementor-heading-title elementor-size-default\">Videos<\/h2>\t\t\t\t<\/div>\n\t\t\t\t<\/div>\n\t\t\t\t<div class=\"elementor-element elementor-element-5e713bc1 elementor-widget elementor-widget-text-editor\" data-id=\"5e713bc1\" data-element_type=\"widget\" data-e-type=\"widget\" data-widget_type=\"text-editor.default\">\n\t\t\t\t<div class=\"elementor-widget-container\">\n\t\t\t\t\t\t\t\t\t<p><strong data-start=\"141\" data-end=\"245\">Die Videos sind Aufzeichnungen unserer Online-Veranstaltungen. In ihnen greifen wir Fragen auf, die viele Menschen mit Krebs besch\u00e4ftigen.<\/strong><br data-start=\"245\" data-end=\"248\">Wir erkl\u00e4ren verst\u00e4ndlich, was die Wissenschaft zu Ern\u00e4hrung bei Krebs wei\u00df, r\u00e4umen mit verbreiteten Mythen auf und geben praktische Tipps f\u00fcr den Alltag. Fragen kannst du uns per E-Mail stellen.<\/p>\t\t\t\t\t\t\t\t<\/div>\n\t\t\t\t<\/div>\n\t\t\t\t<div class=\"elementor-element elementor-element-1ae7f477 elementor-widget elementor-widget-spacer\" data-id=\"1ae7f477\" data-element_type=\"widget\" data-e-type=\"widget\" data-widget_type=\"spacer.default\">\n\t\t\t\t<div class=\"elementor-widget-container\">\n\t\t\t\t\t\t\t<div class=\"elementor-spacer\">\n\t\t\t<div class=\"elementor-spacer-inner\"><\/div>\n\t\t<\/div>\n\t\t\t\t\t\t<\/div>\n\t\t\t\t<\/div>\n\t\t\t\t<\/div>\n\t\t\t\t<\/div>\n\t\t<div class=\"elementor-element elementor-element-41323c6a e-grid e-con-full e-con e-parent\" data-id=\"41323c6a\" data-element_type=\"container\" data-e-type=\"container\">\n\t\t<div class=\"elementor-element elementor-element-f0ee9a2 e-flex e-con-boxed e-con e-child\" data-id=\"f0ee9a2\" data-element_type=\"container\" data-e-type=\"container\">\n\t\t\t\t\t<div class=\"e-con-inner\">\n\t\t\t\t<div class=\"elementor-element elementor-element-0e15a4c elementor-widget elementor-widget-image\" data-id=\"0e15a4c\" data-element_type=\"widget\" data-e-type=\"widget\" data-widget_type=\"image.default\">\n\t\t\t\t<div class=\"elementor-widget-container\">\n\t\t\t\t\t\t\t\t\t\t\t\t\t\t\t\t<a href=\"https:\/\/shop.was-essen-bei-krebs.de\/?product=video-was-essen-bei-krebs-worauf-es-wirklich-ankommt\">\n\t\t\t\t\t\t\t<img fetchpriority=\"high\" decoding=\"async\" width=\"800\" height=\"534\" src=\"https:\/\/shop.was-essen-bei-krebs.de\/wp-content\/uploads\/2025\/12\/3.png\" class=\"attachment-large size-large wp-image-715\" alt=\"\" srcset=\"https:\/\/shop.was-essen-bei-krebs.de\/wp-content\/uploads\/2025\/12\/3.png 1000w, https:\/\/shop.was-essen-bei-krebs.de\/wp-content\/uploads\/2025\/12\/3-300x200.png 300w, https:\/\/shop.was-essen-bei-krebs.de\/wp-content\/uploads\/2025\/12\/3-768x512.png 768w, https:\/\/shop.was-essen-bei-krebs.de\/wp-content\/uploads\/2025\/12\/3-600x400.png 600w\" sizes=\"(max-width: 800px) 100vw, 800px\" \/>\t\t\t\t\t\t\t\t<\/a>\n\t\t\t\t\t\t\t\t\t\t\t\t\t\t\t<\/div>\n\t\t\t\t<\/div>\n\t\t\t\t<div class=\"elementor-element elementor-element-8c7aa8e elementor-widget elementor-widget-heading\" data-id=\"8c7aa8e\" data-element_type=\"widget\" data-e-type=\"widget\" data-widget_type=\"heading.default\">\n\t\t\t\t<div class=\"elementor-widget-container\">\n\t\t\t\t\t<h2 class=\"elementor-heading-title elementor-size-default\">Video: Was essen bei Krebs? - Worauf kommt es an?<\/h2>\t\t\t\t<\/div>\n\t\t\t\t<\/div>\n\t\t\t\t<div class=\"elementor-element elementor-element-23083f7 elementor-widget elementor-widget-text-editor\" data-id=\"23083f7\" data-element_type=\"widget\" data-e-type=\"widget\" data-widget_type=\"text-editor.default\">\n\t\t\t\t<div class=\"elementor-widget-container\">\n\t\t\t\t\t\t\t\t\t<p>Erfahre im Video, wie dich Ern\u00e4hrung w\u00e4hrend der Krebstherapie unterst\u00fctzen kann \u2013 mit praktischen Tipps gegen Gewichtsverlust, Appetitlosigkeit &amp; Co.<\/p>\t\t\t\t\t\t\t\t<\/div>\n\t\t\t\t<\/div>\n\t\t\t\t<div class=\"elementor-element elementor-element-4d60bd7 elementor-widget elementor-widget-text-editor\" data-id=\"4d60bd7\" data-element_type=\"widget\" data-e-type=\"widget\" data-widget_type=\"text-editor.default\">\n\t\t\t\t<div class=\"elementor-widget-container\">\n\t\t\t\t\t\t\t\t\t<p style=\"text-align: right;\">20,00 \u20ac<\/p>\t\t\t\t\t\t\t\t<\/div>\n\t\t\t\t<\/div>\n\t\t\t\t<div class=\"elementor-element elementor-element-17f245e elementor-align-right elementor-widget elementor-widget-button\" data-id=\"17f245e\" data-element_type=\"widget\" data-e-type=\"widget\" data-widget_type=\"button.default\">\n\t\t\t\t<div class=\"elementor-widget-container\">\n\t\t\t\t\t\t\t\t\t<div class=\"elementor-button-wrapper\">\n\t\t\t\t\t<a class=\"elementor-button elementor-button-link elementor-size-sm\" href=\"https:\/\/shop.was-essen-bei-krebs.de\/?product=video-was-essen-bei-krebs-worauf-es-wirklich-ankommt\">\n\t\t\t\t\t\t<span class=\"elementor-button-content-wrapper\">\n\t\t\t\t\t\t\t\t\t<span class=\"elementor-button-text\">Mehr erfahren<\/span>\n\t\t\t\t\t<\/span>\n\t\t\t\t\t<\/a>\n\t\t\t\t<\/div>\n\t\t\t\t\t\t\t\t<\/div>\n\t\t\t\t<\/div>\n\t\t\t\t\t<\/div>\n\t\t\t\t<\/div>\n\t\t<div class=\"elementor-element elementor-element-ed123c9 e-flex e-con-boxed e-con e-child\" data-id=\"ed123c9\" data-element_type=\"container\" data-e-type=\"container\">\n\t\t\t\t\t<div class=\"e-con-inner\">\n\t\t\t\t<div class=\"elementor-element elementor-element-79c75ff elementor-widget elementor-widget-image\" data-id=\"79c75ff\" data-element_type=\"widget\" data-e-type=\"widget\" data-widget_type=\"image.default\">\n\t\t\t\t<div class=\"elementor-widget-container\">\n\t\t\t\t\t\t\t\t\t\t\t\t\t\t\t\t<a href=\"https:\/\/shop.was-essen-bei-krebs.de\/?product=online-veranstaltung-24-03-2026-gewicht-stabilisieren-und-kraft-gewinnen-praktische-tipps-gegen-gewichtsverlust\">\n\t\t\t\t\t\t\t<img decoding=\"async\" width=\"800\" height=\"534\" src=\"https:\/\/shop.was-essen-bei-krebs.de\/wp-content\/uploads\/2025\/12\/bild_video_gewichtsverlust.png\" class=\"attachment-large size-large wp-image-1195\" alt=\"\" srcset=\"https:\/\/shop.was-essen-bei-krebs.de\/wp-content\/uploads\/2025\/12\/bild_video_gewichtsverlust.png 1000w, https:\/\/shop.was-essen-bei-krebs.de\/wp-content\/uploads\/2025\/12\/bild_video_gewichtsverlust-300x200.png 300w, https:\/\/shop.was-essen-bei-krebs.de\/wp-content\/uploads\/2025\/12\/bild_video_gewichtsverlust-768x512.png 768w, https:\/\/shop.was-essen-bei-krebs.de\/wp-content\/uploads\/2025\/12\/bild_video_gewichtsverlust-600x400.png 600w\" sizes=\"(max-width: 800px) 100vw, 800px\" \/>\t\t\t\t\t\t\t\t<\/a>\n\t\t\t\t\t\t\t\t\t\t\t\t\t\t\t<\/div>\n\t\t\t\t<\/div>\n\t\t\t\t<div class=\"elementor-element elementor-element-ec15ad3 elementor-widget elementor-widget-heading\" data-id=\"ec15ad3\" data-element_type=\"widget\" data-e-type=\"widget\" data-widget_type=\"heading.default\">\n\t\t\t\t<div class=\"elementor-widget-container\">\n\t\t\t\t\t<h2 class=\"elementor-heading-title elementor-size-default\">Video: Gewicht stabilisieren und Kraft gewinnen: Praktische Tipps gegen Gewichtsverlust<\/h2>\t\t\t\t<\/div>\n\t\t\t\t<\/div>\n\t\t\t\t<div class=\"elementor-element elementor-element-bedc89b elementor-widget elementor-widget-text-editor\" data-id=\"bedc89b\" data-element_type=\"widget\" data-e-type=\"widget\" data-widget_type=\"text-editor.default\">\n\t\t\t\t<div class=\"elementor-widget-container\">\n\t\t\t\t\t\t\t\t\t<p>Erfahre, wie du mehr Energie \u00fcber deine Ern\u00e4hrung erh\u00e4ltst \u2013 mit praktischen Strategien f\u00fcr den Alltag.<\/p>\t\t\t\t\t\t\t\t<\/div>\n\t\t\t\t<\/div>\n\t\t\t\t<div class=\"elementor-element elementor-element-fab4b0b elementor-widget elementor-widget-text-editor\" data-id=\"fab4b0b\" data-element_type=\"widget\" data-e-type=\"widget\" data-widget_type=\"text-editor.default\">\n\t\t\t\t<div class=\"elementor-widget-container\">\n\t\t\t\t\t\t\t\t\t<p style=\"text-align: right;\">20,00 \u20ac<\/p>\t\t\t\t\t\t\t\t<\/div>\n\t\t\t\t<\/div>\n\t\t\t\t<div class=\"elementor-element elementor-element-bd26c50 elementor-align-right elementor-widget elementor-widget-button\" data-id=\"bd26c50\" data-element_type=\"widget\" data-e-type=\"widget\" data-widget_type=\"button.default\">\n\t\t\t\t<div class=\"elementor-widget-container\">\n\t\t\t\t\t\t\t\t\t<div class=\"elementor-button-wrapper\">\n\t\t\t\t\t<a class=\"elementor-button elementor-button-link elementor-size-sm\" href=\"https:\/\/shop.was-essen-bei-krebs.de\/?product=video-gewicht-stabilisieren-und-kraft-gewinnen-praktische-tipps-gegen-gewichtsverlust\">\n\t\t\t\t\t\t<span class=\"elementor-button-content-wrapper\">\n\t\t\t\t\t\t\t\t\t<span class=\"elementor-button-text\">Mehr erfahren<\/span>\n\t\t\t\t\t<\/span>\n\t\t\t\t\t<\/a>\n\t\t\t\t<\/div>\n\t\t\t\t\t\t\t\t<\/div>\n\t\t\t\t<\/div>\n\t\t\t\t\t<\/div>\n\t\t\t\t<\/div>\n\t\t\t\t<\/div>\n\t\t<div class=\"elementor-element elementor-element-23309144 e-flex e-con-boxed e-con e-parent\" data-id=\"23309144\" data-element_type=\"container\" data-e-type=\"container\">\n\t\t\t\t\t<div class=\"e-con-inner\">\n\t\t\t\t<div class=\"elementor-element elementor-element-1adff02 elementor-widget elementor-widget-spacer\" data-id=\"1adff02\" data-element_type=\"widget\" data-e-type=\"widget\" data-widget_type=\"spacer.default\">\n\t\t\t\t<div class=\"elementor-widget-container\">\n\t\t\t\t\t\t\t<div class=\"elementor-spacer\">\n\t\t\t<div class=\"elementor-spacer-inner\"><\/div>\n\t\t<\/div>\n\t\t\t\t\t\t<\/div>\n\t\t\t\t<\/div>\n\t\t\t\t\t<\/div>\n\t\t\t\t<\/div>\n\t\t\t\t<\/div>\n\t\t","protected":false},"excerpt":{"rendered":"<p>Videos Die Videos sind Aufzeichnungen unserer Online-Veranstaltungen. In ihnen greifen wir Fragen auf, die viele Menschen mit Krebs besch\u00e4ftigen.Wir erkl\u00e4ren verst\u00e4ndlich, was die Wissenschaft zu Ern\u00e4hrung bei Krebs wei\u00df, r\u00e4umen mit verbreiteten Mythen auf und geben praktische Tipps f\u00fcr den Alltag. Fragen kannst du uns per E-Mail stellen. Video: Was essen bei Krebs? &#8211; Worauf [&hellip;]<\/p>\n","protected":false},"author":1,"featured_media":0,"parent":0,"menu_order":0,"comment_status":"closed","ping_status":"closed","template":"","meta":{"footnotes":""},"class_list":["post-1228","page","type-page","status-publish","hentry"],"_links":{"self":[{"href":"https:\/\/shop.was-essen-bei-krebs.de\/index.php?rest_route=\/wp\/v2\/pages\/1228","targetHints":{"allow":["GET"]}}],"collection":[{"href":"https:\/\/shop.was-essen-bei-krebs.de\/index.php?rest_route=\/wp\/v2\/pages"}],"about":[{"href":"https:\/\/shop.was-essen-bei-krebs.de\/index.php?rest_route=\/wp\/v2\/types\/page"}],"author":[{"embeddable":true,"href":"https:\/\/shop.was-essen-bei-krebs.de\/index.php?rest_route=\/wp\/v2\/users\/1"}],"replies":[{"embeddable":true,"href":"https:\/\/shop.was-essen-bei-krebs.de\/index.php?rest_route=%2Fwp%2Fv2%2Fcomments&post=1228"}],"version-history":[{"count":7,"href":"https:\/\/shop.was-essen-bei-krebs.de\/index.php?rest_route=\/wp\/v2\/pages\/1228\/revisions"}],"predecessor-version":[{"id":1236,"href":"https:\/\/shop.was-essen-bei-krebs.de\/index.php?rest_route=\/wp\/v2\/pages\/1228\/revisions\/1236"}],"wp:attachment":[{"href":"https:\/\/shop.was-essen-bei-krebs.de\/index.php?rest_route=%2Fwp%2Fv2%2Fmedia&parent=1228"}],"curies":[{"name":"wp","href":"https:\/\/api.w.org\/{rel}","templated":true}]}}