{"id":101,"date":"2025-04-15T15:13:45","date_gmt":"2025-04-15T13:13:45","guid":{"rendered":"https:\/\/shop.was-essen-bei-krebs.de\/?page_id=101"},"modified":"2025-04-15T16:53:46","modified_gmt":"2025-04-15T14:53:46","slug":"widerrufsbelehrung","status":"publish","type":"page","link":"https:\/\/shop.was-essen-bei-krebs.de\/?page_id=101","title":{"rendered":"Widerrufsbelehrungen"},"content":{"rendered":"\n<p><\/p>\n\n\n\n<h1 class=\"wp-block-heading\">Widerrufsbelehrung f\u00fcr digitale Inhalte<\/h1>\n\n\n\n<p>Sie haben das Recht, binnen 14 Tagen ohne Angabe von Gr\u00fcnden diesen Vertrag zu widerrufen. Die Widerrufsfrist betr\u00e4gt 14 Tage ab dem Tag des Vertragsabschlusses.<\/p>\n\n\n\n<p>Um Ihr Widerrufsrecht auszu\u00fcben, m\u00fcssen Sie uns (Eat What You Need e.V., Goethestra\u00dfe 28\/1, 72076 T\u00fcbingen, Telefon 07071-8552590, E-Mail sandra.neubauer@was-essen-bei-krebs.de) mittels einer eindeutigen Erkl\u00e4rung (z.B. ein mit der Post versandter Brief oder eine E-Mail) \u00fcber Ihren Entschluss, diesen Vertrag zu widerrufen, informieren. Sie k\u00f6nnen daf\u00fcr das beigef\u00fcgte Muster-Widerrufsformular verwenden, das jedoch nicht vorgeschrieben ist.<\/p>\n\n\n\n<p>Zur Wahrung der Widerrufsfrist reicht es aus, dass Sie die Mitteilung \u00fcber die Aus\u00fcbung des Widerrufsrechts vor Ablauf der Widerrufsfrist absenden.<\/p>\n\n\n\n<h2 class=\"wp-block-heading\">Folgen des Widerrufs<\/h2>\n\n\n\n<p>Wenn Sie diesen Vertrag widerrufen, haben wir Ihnen alle Zahlungen, die wir von Ihnen erhalten haben, einschlie\u00dflich der Lieferkosten (mit Ausnahme der zus\u00e4tzlichen Kosten, die sich daraus ergeben, dass Sie eine andere Art der Lieferung als die von uns angebotene, g\u00fcnstigste Standardlieferung gew\u00e4hlt haben), unverz\u00fcglich und sp\u00e4testens binnen 14 Tagen ab dem Tag zur\u00fcckzuzahlen, an dem die Mitteilung \u00fcber Ihren Widerruf dieses Vertrags bei uns eingegangen ist. F\u00fcr diese R\u00fcckzahlung verwenden wir dasselbe Zahlungsmittel, das Sie bei der urspr\u00fcnglichen Transaktion eingesetzt haben, es sei denn, mit Ihnen wurde ausdr\u00fccklich etwas anderes vereinbart; in keinem Fall werden Ihnen wegen dieser R\u00fcckzahlung Entgelte berechnet.<\/p>\n\n\n\n<h2 class=\"wp-block-heading\">Erl\u00f6schen des Widerrufsrechts<\/h2>\n\n\n\n<p>Ihr Widerrufsrecht erlischt, sobald wir mit der Ausf\u00fchrung des Vertrags begonnen haben, vorausgesetzt, dass Sie ausdr\u00fccklich zugestimmt haben, dass wir mit der Ausf\u00fchrung des Vertrags vor Ablauf der Widerrufsfrist beginnen, und Sie Ihre Kenntnis davon best\u00e4tigt haben, dass Sie durch Ihre Zustimmung mit Beginn der Ausf\u00fchrung des Vertrags Ihr Widerrufsrecht verlieren, und wir Ihre Zustimmung und Best\u00e4tigung in unserer Vertragsbest\u00e4tigung festgehalten haben.<\/p>\n\n\n\n<hr class=\"wp-block-separator has-alpha-channel-opacity\"\/>\n\n\n\n<h1 class=\"wp-block-heading\">Muster-Widerrufsformular<\/h1>\n\n\n\n<p>(Wenn Sie den Vertrag widerrufen wollen, dann f\u00fcllen Sie bitte dieses Formular aus und senden Sie es zur\u00fcck)<\/p>\n\n\n\n<p>\u2014 An: Eat What You Need e.V., Goethestra\u00dfe 28\/1, 72076 T\u00fcbingen, E-Mail sandra.neubauer@was-essen-bei-krebs.de<\/p>\n\n\n\n<p>\u2014 Hiermit widerrufe(n) ich\/wir (*) den von mir\/uns (*) abgeschlossenen Vertrag \u00fcber den Kauf der folgenden Waren (*) \/ die Erbringung der folgenden Dienstleistung (*)<\/p>\n\n\n\n<p>\u2014 Bestellt am (*) \/ erhalten am (*)<\/p>\n\n\n\n<p>\u2014 Name des\/der Verbraucher(s)<\/p>\n\n\n\n<p>\u2014 Anschrift des\/der Verbraucher(s)<\/p>\n\n\n\n<p>\u2014 Unterschrift des\/der Verbraucher(s) (nur bei Mitteilung auf Papier)<\/p>\n\n\n\n<p>\u2014 Datum<\/p>\n\n\n\n<p>(*) Unzutreffendes streichen.<\/p>\n\n\n\n<hr class=\"wp-block-separator has-alpha-channel-opacity\"\/>\n\n\n\n<h1 class=\"wp-block-heading\">Widerrufsbelehrung f\u00fcr Live-Onlineangebote<\/h1>\n\n\n\n<h2 class=\"wp-block-heading\">Widerrufsrecht<\/h2>\n\n\n\n<p>Sie haben das Recht, binnen 14 Tagen ohne Angabe von Gr\u00fcnden diesen Vertrag zu widerrufen. Die Widerrufsfrist betr\u00e4gt 14 Tage ab dem Tag des Vertragsabschlusses.<\/p>\n\n\n\n<p>Um Ihr Widerrufsrecht auszu\u00fcben, m\u00fcssen Sie uns (Eat What You Need e.V., Goethestra\u00dfe 28\/1, 72076 T\u00fcbingen, Telefon 07071-8552590, E-Mail sandra.neubauer@was-essen-bei-krebs.de) mittels einer eindeutigen Erkl\u00e4rung (z.B. ein mit der Post versandter Brief oder eine E-Mail) \u00fcber Ihren Entschluss, diesen Vertrag zu widerrufen, informieren. Sie k\u00f6nnen daf\u00fcr das beigef\u00fcgte Muster-Widerrufsformular verwenden, das jedoch nicht vorgeschrieben ist.<\/p>\n\n\n\n<p>Zur Wahrung der Widerrufsfrist reicht es aus, dass Sie die Mitteilung \u00fcber die Aus\u00fcbung des Widerrufsrechts vor Ablauf der Widerrufsfrist absenden.<\/p>\n\n\n\n<h2 class=\"wp-block-heading\">Folgen des Widerrufs<\/h2>\n\n\n\n<p>Wenn Sie diesen Vertrag widerrufen, haben wir Ihnen alle Zahlungen, die wir von Ihnen erhalten haben, einschlie\u00dflich der Lieferkosten (mit Ausnahme der zus\u00e4tzlichen Kosten, die sich daraus ergeben, dass Sie eine andere Art der Lieferung als die von uns angebotene, g\u00fcnstigste Standardlieferung gew\u00e4hlt haben), unverz\u00fcglich und sp\u00e4testens binnen 14 Tagen ab dem Tag zur\u00fcckzuzahlen, an dem die Mitteilung \u00fcber Ihren Widerruf dieses Vertrags bei uns eingegangen ist. F\u00fcr diese R\u00fcckzahlung verwenden wir dasselbe Zahlungsmittel, das Sie bei der urspr\u00fcnglichen Transaktion eingesetzt haben, es sei denn, mit Ihnen wurde ausdr\u00fccklich etwas anderes vereinbart; in keinem Fall werden Ihnen wegen dieser R\u00fcckzahlung Entgelte berechnet.<\/p>\n\n\n\n<p>Haben Sie verlangt, dass unsere Dienstleistungen w\u00e4hrend der Widerrufsfrist beginnen soll, so haben Sie uns einen angemessenen Betrag zu zahlen, der dem Anteil der bis zu dem Zeitpunkt, zu dem Sie uns von der Aus\u00fcbung des Widerrufsrechts hinsichtlich dieses Vertrags unterrichten, bereits erbrachten Dienstleistungen im Vergleich zum Gesamtumfang der im Vertrag vorgesehenen Dienstleistungen entspricht.<\/p>\n\n\n\n<h2 class=\"wp-block-heading\">Erl\u00f6schen des Widerrufsrechts<\/h2>\n\n\n\n<p>Ihr Widerrufsrecht erlischt bei einem Vertrag zur Erbringung von Dienstleistungen auch dann, wenn wir die vereinbarte Dienstleistung vollst\u00e4ndig erbracht haben und mit der Ausf\u00fchrung der Dienstleistung erst begonnen haben, nachdem Sie dazu ihre ausdr\u00fcckliche Zustimmung gegeben und gleichzeitig Ihre Kenntnis davon best\u00e4tigt haben, dass Sie Ihr Widerrufsrecht bei vollst\u00e4ndiger Vertragserf\u00fcllung durch uns verlieren.<\/p>\n\n\n\n<h2 class=\"wp-block-heading\">Ausnahmen vom Widerrufsrecht<\/h2>\n\n\n\n<p>Ein Widerrufsrecht besteht nicht bei Vertr\u00e4gen zur Erbringung von Dienstleistungen im Zusammenhang mit Freizeitbet\u00e4tigungen, wenn der Vertrag f\u00fcr die Erbringung einen spezifischen Termin oder Zeitraum vorsieht.<\/p>\n\n\n\n<hr class=\"wp-block-separator has-alpha-channel-opacity\"\/>\n\n\n\n<h1 class=\"wp-block-heading\">Muster-Widerrufsformular<\/h1>\n\n\n\n<p>(Wenn Sie den Vertrag widerrufen wollen, dann f\u00fcllen Sie bitte dieses Formular aus und senden Sie es zur\u00fcck)<\/p>\n\n\n\n<p>\u2014 An: Eat What You Need e.V., Goethestra\u00dfe 28\/1, 72076 T\u00fcbingen, E-Mail sandra.neubauer@was-essen-bei-krebs.de<\/p>\n\n\n\n<p>\u2014 Hiermit widerrufe(n) ich\/wir (*) den von mir\/uns (*) abgeschlossenen Vertrag \u00fcber den Kauf der folgenden Waren (*) \/ die Erbringung der folgenden Dienstleistung (*)<\/p>\n\n\n\n<p>\u2014 Bestellt am (*) \/ erhalten am (*)<\/p>\n\n\n\n<p>\u2014 Name des\/der Verbraucher(s)<\/p>\n\n\n\n<p>\u2014 Anschrift des\/der Verbraucher(s)<\/p>\n\n\n\n<p>\u2014 Unterschrift des\/der Verbraucher(s) (nur bei Mitteilung auf Papier)<\/p>\n\n\n\n<p>\u2014 Datum<\/p>\n\n\n\n<p>(*) Unzutreffendes streichen.<\/p>\n","protected":false},"excerpt":{"rendered":"<p>Widerrufsbelehrung f\u00fcr digitale Inhalte Sie haben das Recht, binnen 14 Tagen ohne Angabe von Gr\u00fcnden diesen Vertrag zu widerrufen. Die Widerrufsfrist betr\u00e4gt 14 Tage ab dem Tag des Vertragsabschlusses. Um Ihr Widerrufsrecht auszu\u00fcben, m\u00fcssen Sie uns (Eat What You Need e.V., Goethestra\u00dfe 28\/1, 72076 T\u00fcbingen, Telefon 07071-8552590, E-Mail sandra.neubauer@was-essen-bei-krebs.de) mittels einer eindeutigen Erkl\u00e4rung (z.B. ein [&hellip;]<\/p>\n","protected":false},"author":1,"featured_media":0,"parent":0,"menu_order":0,"comment_status":"closed","ping_status":"closed","template":"","meta":{"footnotes":""},"class_list":["post-101","page","type-page","status-publish","hentry"],"_links":{"self":[{"href":"https:\/\/shop.was-essen-bei-krebs.de\/index.php?rest_route=\/wp\/v2\/pages\/101","targetHints":{"allow":["GET"]}}],"collection":[{"href":"https:\/\/shop.was-essen-bei-krebs.de\/index.php?rest_route=\/wp\/v2\/pages"}],"about":[{"href":"https:\/\/shop.was-essen-bei-krebs.de\/index.php?rest_route=\/wp\/v2\/types\/page"}],"author":[{"embeddable":true,"href":"https:\/\/shop.was-essen-bei-krebs.de\/index.php?rest_route=\/wp\/v2\/users\/1"}],"replies":[{"embeddable":true,"href":"https:\/\/shop.was-essen-bei-krebs.de\/index.php?rest_route=%2Fwp%2Fv2%2Fcomments&post=101"}],"version-history":[{"count":3,"href":"https:\/\/shop.was-essen-bei-krebs.de\/index.php?rest_route=\/wp\/v2\/pages\/101\/revisions"}],"predecessor-version":[{"id":151,"href":"https:\/\/shop.was-essen-bei-krebs.de\/index.php?rest_route=\/wp\/v2\/pages\/101\/revisions\/151"}],"wp:attachment":[{"href":"https:\/\/shop.was-essen-bei-krebs.de\/index.php?rest_route=%2Fwp%2Fv2%2Fmedia&parent=101"}],"curies":[{"name":"wp","href":"https:\/\/api.w.org\/{rel}","templated":true}]}}