{"id":100,"date":"2025-04-15T15:13:45","date_gmt":"2025-04-15T13:13:45","guid":{"rendered":"https:\/\/shop.was-essen-bei-krebs.de\/?page_id=100"},"modified":"2025-07-21T14:39:44","modified_gmt":"2025-07-21T12:39:44","slug":"agb","status":"publish","type":"page","link":"https:\/\/shop.was-essen-bei-krebs.de\/?page_id=100","title":{"rendered":"AGB"},"content":{"rendered":"\n<h1 class=\"wp-block-heading\">Allgemeine Gesch\u00e4ftsbedingungen<\/h1>\n\n\n\n<h3 class=\"wp-block-heading\">\u00a7 1 \u2013 Anbieter, Einbeziehung der AGB<\/h3>\n\n\n\n<p><strong>(1)&nbsp;<\/strong>Anbieter und Vertragspartner f\u00fcr die auf unserer Seite \u201eshop.was-essen-bei-krebs.de\u201c dargestellten Leistungen ist Eat What You Need e.V., Goethestra\u00dfe 28\/1, 72076 T\u00fcbingen, Telefon 07071-8552590, E-Mail sandra.neubauer@was-essen-bei-krebs.de (im Folgenden kurz \u201eAnbieter\u201c oder \u201ewir\u201c).<\/p>\n\n\n\n<p><strong>(2)&nbsp;<\/strong>Diese allgemeinen Gesch\u00e4ftsbedingungen sind Bestandteil jeder vertraglichen Vereinbarung zwischen dem Anbieter und dem jeweiligen Kunden. Entgegenstehenden AGB des Kunden wird widersprochen.<\/p>\n\n\n\n<h3 class=\"wp-block-heading\">\u00a7 2 \u2013 Angebot und Vertragsschluss<\/h3>\n\n\n\n<p><strong>(1)&nbsp;<\/strong>Vertragsschluss und Vertragsabwicklung erfolgen in deutscher Sprache.<\/p>\n\n\n\n<p><strong>(2)&nbsp;<\/strong>F\u00fcr die Erbringung der dargestellten Leistungen gibt der Anbieter ein verbindliches Angebot ab. Der Kunde kann das Angebot annehmen, indem er seinen Bestellwunsch \u00fcber den Button \u201ezahlungspflichtig bestellen\u201c \u00fcbermittelt. Der Anbieter best\u00e4tigt den Vertragsschluss per E-Mail (Vertragsbest\u00e4tigung).<\/p>\n\n\n\n<p><strong>(3)&nbsp;<\/strong>Vor Annahme des Angebots durch den Kunden wird dem Kunden eine \u00dcbersicht der f\u00fcr die Bestellung erfassten Leistungen einschlie\u00dflich ihrer wesentlichen Merkmale angezeigt. Der Kunde hat an dieser Stelle Gelegenheit, die Daten auf m\u00f6gliche Eingabefehler zu pr\u00fcfen und, wenn n\u00f6tig, einen oder mehrere Schritte im Bestellablauf zur\u00fcckzugehen, um die Daten zu \u00e4ndern oder die Bestellung insgesamt abzubrechen.<\/p>\n\n\n\n<p><strong>(4)&nbsp;<\/strong>Der Anbieter \u00fcbersendet dem Kunden nach Vertragsschluss den Inhalt des abgeschlossenen Vertrags (Vertragstext) per E-Mail. Gleichzeitig speichert der Anbieter den Vertragstext in seiner elektronischen Datenverarbeitung. Da der Kunde hierzu keinen Zugang hat, obliegt es dem Kunden, die E-Mail mit dem Vertragstext im eigenen Interesse aufzubewahren.<\/p>\n\n\n\n<h3 class=\"wp-block-heading\">\u00a7 3 \u2013 Preise und Bezahlung<\/h3>\n\n\n\n<p><strong>(1)&nbsp;<\/strong>Alle Preise verstehen sich als Gesamtpreise. Umsatzsteuer wird nicht erhoben (\u00a7 19 UStG).<\/p>\n\n\n\n<p><strong>(2)&nbsp;<\/strong>Zur Bezahlung kann der Kunde folgende Zahlungsmethoden nutzen: Vorkasse per Bank\u00fcberweisung, PayPal, Mollie B.V. (1015 CW Amsterdam, Niederlande).<\/p>\n\n\n\n<p><strong>(3)&nbsp;<\/strong>Der Anbieter erbringt seine Leistung erst, wenn der Kunde die Zahlung veranlasst hat. Der Kunde ist insofern vorleistungsverpflichtet.<\/p>\n\n\n\n<p><strong>(4)&nbsp;<\/strong>Bei Leistungen an einen Kunden au\u00dferhalb der Europ\u00e4ischen Union kann Einfuhrumsatzsteuer anfallen, die der Kunde an seine lokale Finanzbeh\u00f6rde zu zahlen hat. Auf die Erhebung dieser lokalen Steuer hat der Anbieter keinen Einfluss.<\/p>\n\n\n\n<h3 class=\"wp-block-heading\">\u00a7 4 \u2013 Digitale Inhalte<\/h3>\n\n\n\n<p><strong>(1)&nbsp;<\/strong>Ein Produkt, das als aufgezeichneter digitaler Inhalt per E-Mail, zum Download oder auf sonstige Weise zum elektronischen Abruf angeboten wird, wird nicht postalisch versandt.<\/p>\n\n\n\n<p><strong>(2)&nbsp;<\/strong>Der Empfang digitaler Inhalte setzt voraus, dass der Kunde \u00fcber eine Internetverbindung verf\u00fcgt. Der Anbieter weist darauf hin, dass der Netzbetreiber des Kunden Entgelte f\u00fcr den Datenempfang erheben kann, auf die der Anbieter keinen Einfluss hat.<\/p>\n\n\n\n<p><strong>(3)&nbsp;<\/strong>Sofern der Anbieter den digitalen Inhalt zum Download bereitstellt, gew\u00e4hrleistet der Anbieter eine zeitliche Erreichbarkeit (Up-Time) des Download-Servers von 99% im Durchschnitt eines Kalendermonats.<\/p>\n\n\n\n<p><strong>(4)&nbsp;<\/strong>Verlangt der Kunde als Verbraucher ausdr\u00fccklich, dass der Vertrag bereits vor Ablauf der Widerrufsfrist ausgef\u00fchrt wird, und best\u00e4tigt er, dass hierdurch sein Widerrufsrecht erlischt, stellt der Anbieter den digitalen Inhalt unverz\u00fcglich nach Zahlung bereit. Anderenfalls stellt der Anbieter einem Verbraucher den digitalen Inhalt erst nach Ablauf der Widerrufsfrist bereit.<\/p>\n\n\n\n<h3 class=\"wp-block-heading\">\u00a7 5 \u2013 Live-Onlineangebote<\/h3>\n\n\n\n<p><strong>(1)&nbsp;<\/strong>F\u00fcr Leistungen, die der Anbieter zu einer vorher vereinbarten Zeit erbringt und die der Kunde zu dieser Zeit \u00fcber das Internet in Anspruch nehmen kann (\u201eLive-Onlineangebote\u201c), stellt der Anbieter dem Kunden die erforderlichen Zugangsdaten nach Zahlung des vereinbarten Entgelts zur Verf\u00fcgung.<\/p>\n\n\n\n<p><strong>(2)&nbsp;<\/strong>Es obliegt dem Kunden, die Zugangsdaten gesch\u00fctzt vor dem Zugriff durch Dritte aufzubewahren. Soweit ein Dritter die Zugangsdaten nutzt, kann der Anbieter den gleichzeitigen Zugang durch den Kunden ausschlie\u00dfen.<\/p>\n\n\n\n<p><strong>(3)&nbsp;<\/strong>Die Teilnahme an einem Live-Onlineangebot setzt voraus, dass der Teilnehmer \u00fcber ein internetf\u00e4higes Endger\u00e4t und eine Internetverbindung mit einer Bandbreite von wenigstens 6 MBit\/s im Download verf\u00fcgt. Sofern es sich um ein interaktives Angebot handelt, bei dem der Teilnehmer sein Kamerabild und seinen Ton an den Anbieter oder andere Teilnehmer \u00fcbermitteln will, ben\u00f6tigt der Teilnehmer zus\u00e4tzlich eine geeignete Webcam und ein Mikrofon sowie eine Bandbreite von wenigstens 6 MBit\/s auch im Upload.<\/p>\n\n\n\n<p><strong>(4)&nbsp;<\/strong>Bei dem Live-Onlineangebot handelt es sich nicht um Fernunterricht im Sinne des \u00a7 1 FernUSG.<\/p>\n\n\n\n<p><strong>(5)&nbsp;<\/strong>Die Aufzeichnung von Video- und\/oder Audio-Daten eines Live-Onlineangebots ist unzul\u00e4ssig.<\/p>\n\n\n\n<h3 class=\"wp-block-heading\">\u00a7 6 \u2013 Verbraucher-Widerrufsrecht<\/h3>\n\n\n\n<p><strong>(1)&nbsp;<\/strong>Einem Kunden, der einen Vertrag als Verbraucher schlie\u00dft, kann ein Widerrufsrecht gem\u00e4\u00df den gesetzlichen Bedingungen zustehen. Verbraucher ist jede nat\u00fcrliche Person, die ein Rechtsgesch\u00e4ft zu Zwecken abschlie\u00dft, die \u00fcberwiegend weder ihrer gewerblichen noch ihrer selbst\u00e4ndigen beruflichen T\u00e4tigkeit zugerechnet werden k\u00f6nnen.<\/p>\n\n\n\n<p><strong>(2)&nbsp;<\/strong>Einem Verbraucher mit st\u00e4ndigem Aufenthalt au\u00dferhalb Deutschlands r\u00e4umt der Anbieter ein Verbraucher-Widerrufsrecht gem\u00e4\u00df den deutschen Voraussetzungen und Rechtsfolgen auch dann ein, wenn das nationale Recht des Verbrauchers kein Widerrufsrecht vorsieht oder den Widerruf an eine k\u00fcrzere Frist oder an eine strengere Form kn\u00fcpft als nach deutschem Recht.<\/p>\n\n\n\n<p><strong>(3)&nbsp;<\/strong>Die Einzelheiten ergeben sich aus der Widerrufsbelehrung.<\/p>\n\n\n\n<h3 class=\"wp-block-heading\">\u00a7 7 \u2013 Gew\u00e4hrleistung (M\u00e4ngelhaftung)<\/h3>\n\n\n\n<p>Es bestehen Gew\u00e4hrleistungsanspr\u00fcche des Bestellers (auch M\u00e4ngelhaftungsrechte genannt) gem\u00e4\u00df den gesetzlichen Vorschriften.<\/p>\n\n\n\n<h3 class=\"wp-block-heading\">\u00a7 8 \u2013 Au\u00dfergerichtliche Streitbeilegung<\/h3>\n\n\n\n<p><strong>(1)\u00a0<\/strong>Wir sind bereit, an einem Streitbeilegungsverfahren vor einer Verbraucherschlichtungsstelle teilzunehmen.<\/p>\n\n\n\n<h3 class=\"wp-block-heading\">\u00a7 9 \u2013 Schlussbestimmungen<\/h3>\n\n\n\n<p><strong>(1)&nbsp;<\/strong>Es gilt das Recht der Bundesrepublik Deutschland unter Ausschluss des UN-Kaufrechts. Gegen\u00fcber Verbrauchern mit st\u00e4ndigem Aufenthalt im Ausland findet das deutsche Recht jedoch keine Anwendung, soweit das nationale Recht des Verbrauchers Regelungen enth\u00e4lt, von denen zu Lasten des Verbrauchers nicht durch Vertrag abgewichen werden kann.<\/p>\n\n\n\n<p><strong>(2)&nbsp;<\/strong>Sollten sich einzelne Bestimmungen dieser allgemeinen Gesch\u00e4ftsbedingungen als unwirksam oder undurchf\u00fchrbar erweisen, so ber\u00fchrt dies nicht die Wirksamkeit der \u00fcbrigen Bestimmungen.<\/p>\n\n\n\n<p><\/p>\n","protected":false},"excerpt":{"rendered":"<p>Allgemeine Gesch\u00e4ftsbedingungen \u00a7 1 \u2013 Anbieter, Einbeziehung der AGB (1)&nbsp;Anbieter und Vertragspartner f\u00fcr die auf unserer Seite \u201eshop.was-essen-bei-krebs.de\u201c dargestellten Leistungen ist Eat What You Need e.V., Goethestra\u00dfe 28\/1, 72076 T\u00fcbingen, Telefon 07071-8552590, E-Mail sandra.neubauer@was-essen-bei-krebs.de (im Folgenden kurz \u201eAnbieter\u201c oder \u201ewir\u201c). (2)&nbsp;Diese allgemeinen Gesch\u00e4ftsbedingungen sind Bestandteil jeder vertraglichen Vereinbarung zwischen dem Anbieter und dem jeweiligen Kunden. [&hellip;]<\/p>\n","protected":false},"author":1,"featured_media":0,"parent":0,"menu_order":0,"comment_status":"closed","ping_status":"closed","template":"","meta":{"footnotes":""},"class_list":["post-100","page","type-page","status-publish","hentry"],"_links":{"self":[{"href":"https:\/\/shop.was-essen-bei-krebs.de\/index.php?rest_route=\/wp\/v2\/pages\/100","targetHints":{"allow":["GET"]}}],"collection":[{"href":"https:\/\/shop.was-essen-bei-krebs.de\/index.php?rest_route=\/wp\/v2\/pages"}],"about":[{"href":"https:\/\/shop.was-essen-bei-krebs.de\/index.php?rest_route=\/wp\/v2\/types\/page"}],"author":[{"embeddable":true,"href":"https:\/\/shop.was-essen-bei-krebs.de\/index.php?rest_route=\/wp\/v2\/users\/1"}],"replies":[{"embeddable":true,"href":"https:\/\/shop.was-essen-bei-krebs.de\/index.php?rest_route=%2Fwp%2Fv2%2Fcomments&post=100"}],"version-history":[{"count":3,"href":"https:\/\/shop.was-essen-bei-krebs.de\/index.php?rest_route=\/wp\/v2\/pages\/100\/revisions"}],"predecessor-version":[{"id":379,"href":"https:\/\/shop.was-essen-bei-krebs.de\/index.php?rest_route=\/wp\/v2\/pages\/100\/revisions\/379"}],"wp:attachment":[{"href":"https:\/\/shop.was-essen-bei-krebs.de\/index.php?rest_route=%2Fwp%2Fv2%2Fmedia&parent=100"}],"curies":[{"name":"wp","href":"https:\/\/api.w.org\/{rel}","templated":true}]}}